{"id":18573,"date":"2025-07-14T03:30:19","date_gmt":"2025-07-13T23:30:19","guid":{"rendered":"https:\/\/incredible.shark.mu\/expatriation\/"},"modified":"2025-07-14T03:42:57","modified_gmt":"2025-07-13T23:42:57","slug":"expatriation","status":"publish","type":"page","link":"https:\/\/www.incrediblemauritius.com\/fr\/expatriation\/","title":{"rendered":"Expatriation"},"content":{"rendered":"\t\t<div data-elementor-type=\"wp-page\" data-elementor-id=\"18573\" class=\"elementor elementor-18573\">\n\t\t\t\t<div class=\"elementor-element elementor-element-6c1eb84 e-flex e-con-boxed e-con e-parent \" data-id=\"6c1eb84\" data-element_type=\"container\" data-e-type=\"container\" data-settings=\"{&quot;background_background&quot;:&quot;classic&quot;}\">\t\t\t<div class=\"e-con-inner\">\r\n\t\t\t\t<div class=\"elementor-element elementor-element-f8ed2e7 elementor-widget elementor-widget-spacer\" data-id=\"f8ed2e7\" data-element_type=\"widget\" data-e-type=\"widget\" data-widget_type=\"spacer.default\">\n\t\t\t\t\t\t\t<div class=\"elementor-spacer\">\n\t\t\t<div class=\"elementor-spacer-inner\"><\/div>\n\t\t<\/div>\n\t\t\t\t\t\t<\/div>\n\t\t\t\t\t<\/div>\r\n\t\t\t\t<\/div>\r\n\t\t<div class=\"elementor-element elementor-element-a0b84ba e-flex e-con-boxed e-con e-parent \" data-id=\"a0b84ba\" data-element_type=\"container\" data-e-type=\"container\">\t\t\t<div class=\"e-con-inner\">\r\n\t\t<div class=\"elementor-element elementor-element-ef9d5e8 e-con-full e-flex e-con e-child \" data-id=\"ef9d5e8\" data-element_type=\"container\" data-e-type=\"container\"><div class=\"elementor-element elementor-element-452951c e-con-full e-flex elementor-invisible e-con e-child \" data-id=\"452951c\" data-element_type=\"container\" data-e-type=\"container\" data-settings=\"{&quot;background_background&quot;:&quot;classic&quot;,&quot;animation&quot;:&quot;zoomIn&quot;}\"><div class=\"elementor-element elementor-element-12f16ba e-con-full e-flex e-con e-child \" data-id=\"12f16ba\" data-element_type=\"container\" data-e-type=\"container\">\t\t<div class=\"elementor-element elementor-element-2a2da63 elementor-widget elementor-widget-pxl_text_editor\" data-id=\"2a2da63\" data-element_type=\"widget\" data-e-type=\"widget\" data-widget_type=\"pxl_text_editor.default\">\n\t\t\t\t<div class=\"elementor-widget-container\">\n\t\t\t\t\t<div class=\"pxl-text-editor\">\n\t<div class=\"pxl-item--inner  \" data-wow-delay=\"ms\">\n\t\t<p>Un accompagnement personnalis\u00e9, une int\u00e9gration professionnelle dans des conditions et d\u00e9lais optimaux :<\/p><ul><li>Recherche de votre future demeure<\/li><li>Location ou achat de v\u00e9hicule<\/li><li>D\u00e9marches et formalit\u00e9s administratives : \u00e9tablissement de contrats (\u00e9lectricit\u00e9, eau, t\u00e9l\u00e9phone, internet, syst\u00e8me d\u2019alarme et installation), conseils en assurances (sant\u00e9, m\u00e9nage, v\u00e9hicule, responsabilit\u00e9 civile)<\/li><li>Scolarisation, transport scolaire priv\u00e9<\/li><li>Ouverture d\u2019une relation bancaire, optimisation fiscale\u2026<\/li><li>Num\u00e9ros de t\u00e9l\u00e9phone d\u2019urgences et indispensables<\/li><li>Gr\u00e2ce \u00e0 nos contacts privil\u00e9gi\u00e9s au sein de bon nombre d\u2019administrations et de bureaux, nous vous faisons profiter de nos services acc\u00e9l\u00e9r\u00e9s et de leurs suivis personnalis\u00e9s.<\/li><\/ul><p>Vous souhaitez une initiation au mode de vie et aux sp\u00e9cificit\u00e9s de l\u2019\u00eele : apprendre les mots et conversations de base en cr\u00e9ole, n\u00e9gocier les prix avec les commer\u00e7ants en tant que \u00ab non touriste \u00bb, circuler \u00e0 gauche dans la circulation tr\u00e9pidante de Port-Louis, ou encore ses us et coutumes et ses petits secrets : un restaurant pittoresque hors des sentiers battus, l\u2019endroit o\u00f9 les insulaires ach\u00e8tent la p\u00eache du jour ou le meilleur endroit pour acheter des \u00e9pices, des huiles essentielles, de la soie ?<\/p><p>Laissez-nous vous montrer ce que nous connaissons le mieux !<\/p>\t\t\n\t<\/div>\n<\/div>\t\t\t\t<\/div>\n\t\t\t\t<\/div>\n\t\t\t\t<div class=\"elementor-element elementor-element-4007f95 ft-gt elementor-widget__width-auto elementor-widget elementor-widget-pxl_button\" data-id=\"4007f95\" data-element_type=\"widget\" data-e-type=\"widget\" data-widget_type=\"pxl_button.default\">\n\t\t\t\t<div class=\"elementor-widget-container\">\n\t\t\t\t\t<div id=\"pxl-pxl_button-4007f95-1288\" class=\"pxl-button pxl-atc-link \" data-wow-delay=\"ms\">\r\n    <a href=\"https:\/\/www.incrediblemauritius.com\/fr\/contact\" class=\"btn pxl-icon-active btn-text-nina btn-default  inline pxl-icon--left\" data-wow-delay=\"ms\" data-target=\".pxl-page-popup-template-0\">\r\n        <i aria-hidden=\"true\" class=\"bootstrap-icons bi-envelope-open\"><\/i>        <span class=\"pxl--btn-text\" data-text=\"CONTACT US\">\r\n            <span>C<\/span><span>O<\/span><span>N<\/span><span>T<\/span><span>A<\/span><span>C<\/span><span>T<\/span><span class=\"spacer\">&nbsp;<\/span><span>U<\/span><span>S<\/span>        <\/span>\r\n            <\/a>\r\n<\/div>\t\t\t\t<\/div>\n\t\t\t\t<\/div>\n\t\t\t\t<\/div>\r\n\t\t\t\t<\/div>\r\n\t\t\t\t<\/div>\r\n\t\t\t\t\t<\/div>\r\n\t\t\t\t<\/div>\r\n\t\t\t\t<\/div>\n\t\t","protected":false},"excerpt":{"rendered":"<p>Un accompagnement personnalis\u00e9, une int\u00e9gration professionnelle dans des conditions et d\u00e9lais optimaux : Recherche de votre future demeure Location ou achat de v\u00e9hicule D\u00e9marches et formalit\u00e9s administratives : \u00e9tablissement de contrats (\u00e9lectricit\u00e9, eau, t\u00e9l\u00e9phone, internet, syst\u00e8me d\u2019alarme et installation), conseils en assurances (sant\u00e9, m\u00e9nage, v\u00e9hicule, responsabilit\u00e9 civile) Scolarisation, transport scolaire priv\u00e9 Ouverture d\u2019une relation bancaire, [&hellip;]<\/p>\n","protected":false},"author":1,"featured_media":0,"parent":0,"menu_order":0,"comment_status":"closed","ping_status":"closed","template":"","meta":{"footnotes":""},"class_list":["post-18573","page","type-page","status-publish","hentry"],"_links":{"self":[{"href":"https:\/\/www.incrediblemauritius.com\/fr\/wp-json\/wp\/v2\/pages\/18573","targetHints":{"allow":["GET"]}}],"collection":[{"href":"https:\/\/www.incrediblemauritius.com\/fr\/wp-json\/wp\/v2\/pages"}],"about":[{"href":"https:\/\/www.incrediblemauritius.com\/fr\/wp-json\/wp\/v2\/types\/page"}],"author":[{"embeddable":true,"href":"https:\/\/www.incrediblemauritius.com\/fr\/wp-json\/wp\/v2\/users\/1"}],"replies":[{"embeddable":true,"href":"https:\/\/www.incrediblemauritius.com\/fr\/wp-json\/wp\/v2\/comments?post=18573"}],"version-history":[{"count":0,"href":"https:\/\/www.incrediblemauritius.com\/fr\/wp-json\/wp\/v2\/pages\/18573\/revisions"}],"wp:attachment":[{"href":"https:\/\/www.incrediblemauritius.com\/fr\/wp-json\/wp\/v2\/media?parent=18573"}],"curies":[{"name":"wp","href":"https:\/\/api.w.org\/{rel}","templated":true}]}}