{"id":18547,"date":"2025-07-14T03:13:42","date_gmt":"2025-07-13T23:13:42","guid":{"rendered":"https:\/\/incredible.shark.mu\/exclusive\/"},"modified":"2025-07-14T03:29:15","modified_gmt":"2025-07-13T23:29:15","slug":"exclusif","status":"publish","type":"page","link":"https:\/\/www.incrediblemauritius.com\/fr\/exclusif\/","title":{"rendered":"Exclusif"},"content":{"rendered":"\t\t<div data-elementor-type=\"wp-page\" data-elementor-id=\"18547\" class=\"elementor elementor-18547\">\n\t\t\t\t<div class=\"elementor-element elementor-element-89a2051 e-flex e-con-boxed e-con e-parent \" data-id=\"89a2051\" data-element_type=\"container\" data-e-type=\"container\" data-settings=\"{&quot;background_background&quot;:&quot;classic&quot;}\">\t\t\t<div class=\"e-con-inner\">\r\n\t\t\t\t<div class=\"elementor-element elementor-element-7b508ed elementor-widget elementor-widget-spacer\" data-id=\"7b508ed\" data-element_type=\"widget\" data-e-type=\"widget\" data-widget_type=\"spacer.default\">\n\t\t\t\t\t\t\t<div class=\"elementor-spacer\">\n\t\t\t<div class=\"elementor-spacer-inner\"><\/div>\n\t\t<\/div>\n\t\t\t\t\t\t<\/div>\n\t\t\t\t\t<\/div>\r\n\t\t\t\t<\/div>\r\n\t\t<div class=\"elementor-element elementor-element-2aa80a5 e-flex e-con-boxed e-con e-parent \" data-id=\"2aa80a5\" data-element_type=\"container\" data-e-type=\"container\">\t\t\t<div class=\"e-con-inner\">\r\n\t\t\t\t<div class=\"elementor-element elementor-element-d96af18 elementor-widget elementor-widget-pxl_heading\" data-id=\"d96af18\" data-element_type=\"widget\" data-e-type=\"widget\" data-widget_type=\"pxl_heading.default\">\n\t\t\t\t<div class=\"elementor-widget-container\">\n\t\t\t\t\t\n<div id=\"pxl-pxl_heading-d96af18-5619\" class=\"pxl-heading style-2-style \">\n\t<div class=\"pxl-heading--inner\">\n\t\t\t\t\t<div class=\"pxl-item--subtitle style-2 \" data-wow-delay=\"ms\">\n\t\t\t\t<span class=\"pxl-item--subtext\">\n\t\t\t\t\t\t\t\t\t\tEXCLUSIF\t\t\t\t<\/span>\n\t\t\t<\/div>\n\t\t\n\t\t<h3 class=\"pxl-item--title style-default  highlight-default \" data-wow-delay=\"ms\">\n\t\t\t\t\t\t\t\t\n\t\t\t\t\n\t\t<\/h3>\n\t\t\n\t<\/div>\n<\/div>\t\t\t\t<\/div>\n\t\t\t\t<\/div>\n\t\t\t\t<div class=\"elementor-element elementor-element-d57e116 elementor-widget elementor-widget-pxl_heading\" data-id=\"d57e116\" data-element_type=\"widget\" data-e-type=\"widget\" data-widget_type=\"pxl_heading.default\">\n\t\t\t\t<div class=\"elementor-widget-container\">\n\t\t\t\t\t\n<div id=\"pxl-pxl_heading-d57e116-1861\" class=\"pxl-heading px-sub-title-default-style \">\n\t<div class=\"pxl-heading--inner\">\n\t\t\n\t\t<h3 class=\"pxl-item--title style-default  highlight-default \" data-wow-delay=\"ms\">\n\t\t\t\t\t\t\tSE FAIRE PLAISIR ET TRAITEZ-LE, ELLE OU VOUS-M\u00caME\n\t\n\t\t\t\t\n\t\t<\/h3>\n\t\t\n\t<\/div>\n<\/div>\t\t\t\t<\/div>\n\t\t\t\t<\/div>\n\t\t\t\t\t<\/div>\r\n\t\t\t\t<\/div>\r\n\t\t<div class=\"elementor-element elementor-element-1089f1b e-flex e-con-boxed e-con e-parent \" data-id=\"1089f1b\" data-element_type=\"container\" data-e-type=\"container\">\t\t\t<div class=\"e-con-inner\">\r\n\t\t<div class=\"elementor-element elementor-element-2f28cde e-con-full e-flex e-con e-child \" data-id=\"2f28cde\" data-element_type=\"container\" data-e-type=\"container\">\t\t<div class=\"elementor-element elementor-element-fc44071 elementor-widget elementor-widget-image\" data-id=\"fc44071\" data-element_type=\"widget\" data-e-type=\"widget\" data-widget_type=\"image.default\">\n\t\t\t\t\t\t\t\t\t\t\t\t\t\t\t<img fetchpriority=\"high\" decoding=\"async\" width=\"768\" height=\"1024\" src=\"https:\/\/www.incrediblemauritius.com\/wp-content\/uploads\/2025\/07\/2149023204-768x1024.jpg\" class=\"attachment-large size-large wp-image-18529\" alt=\"\" srcset=\"https:\/\/www.incrediblemauritius.com\/wp-content\/uploads\/2025\/07\/2149023204-768x1024.jpg 768w, https:\/\/www.incrediblemauritius.com\/wp-content\/uploads\/2025\/07\/2149023204-225x300.jpg 225w, https:\/\/www.incrediblemauritius.com\/wp-content\/uploads\/2025\/07\/2149023204-533x710.jpg 533w, https:\/\/www.incrediblemauritius.com\/wp-content\/uploads\/2025\/07\/2149023204.jpg 1125w\" sizes=\"(max-width: 768px) 100vw, 768px\" \/>\t\t\t\t\t\t\t\t\t\t\t\t\t\t\t<\/div>\n\t\t\t\t<\/div>\r\n\t\t<div class=\"elementor-element elementor-element-428b12f e-con-full e-flex e-con e-child \" data-id=\"428b12f\" data-element_type=\"container\" data-e-type=\"container\">\t\t<div class=\"elementor-element elementor-element-9334eb1 elementor-widget elementor-widget-pxl_list\" data-id=\"9334eb1\" data-element_type=\"widget\" data-e-type=\"widget\" data-widget_type=\"pxl_list.default\">\n\t\t\t\t<div class=\"elementor-widget-container\">\n\t\t\t\t\t    <div class=\"pxl-list pxl-list1  style-3\" data-wow-delay=\"ms\">\r\n                    <div class=\"pxl--item\">\r\n                                    <div class=\"pxl-item--icon\">\r\n                        <i aria-hidden=\"true\" class=\"far fa-gift\"><\/i>                    <\/div>\r\n                                                    <div class=\"pxl-item-content\">\r\n                        <label class=\"pxl-empty\"><\/label>\r\n                        Survol de l\u2019\u00eele en h\u00e9licopt\u00e8re et d\u00e9couverte de son paysage de r\u00eave, avec service de champagne servi \u00e0 bord.\n                    <\/div>\r\n                            <\/div>\r\n                    <div class=\"pxl--item\">\r\n                                    <div class=\"pxl-item--icon\">\r\n                        <i aria-hidden=\"true\" class=\"far fa-gift\"><\/i>                    <\/div>\r\n                                                    <div class=\"pxl-item-content\">\r\n                        <label class=\"pxl-empty\"><\/label>\r\n                        Repas en t\u00eate \u00e0 t\u00eate dans un mini sous-marin \u00e0 la d\u00e9couverte des tr\u00e9sors des fonds marins.\n                    <\/div>\r\n                            <\/div>\r\n                    <div class=\"pxl--item\">\r\n                                    <div class=\"pxl-item--icon\">\r\n                        <i aria-hidden=\"true\" class=\"far fa-gift\"><\/i>                    <\/div>\r\n                                                    <div class=\"pxl-item-content\">\r\n                        <label class=\"pxl-empty\"><\/label>\r\n                        Week-end hors norme en croisi\u00e8re individuelle sur un voilier de luxe.\n                    <\/div>\r\n                            <\/div>\r\n                    <div class=\"pxl--item\">\r\n                                    <div class=\"pxl-item--icon\">\r\n                        <i aria-hidden=\"true\" class=\"far fa-gift\"><\/i>                    <\/div>\r\n                                                    <div class=\"pxl-item-content\">\r\n                        <label class=\"pxl-empty\"><\/label>\r\n                        Abonnement de soins esth\u00e9tiques, spas et thalassos dans un cadre exclusif et priv\u00e9.\n                    <\/div>\r\n                            <\/div>\r\n                    <div class=\"pxl--item\">\r\n                                    <div class=\"pxl-item--icon\">\r\n                        <i aria-hidden=\"true\" class=\"far fa-gift\"><\/i>                    <\/div>\r\n                                                    <div class=\"pxl-item-content\">\r\n                        <label class=\"pxl-empty\"><\/label>\r\n                        Pr\u00e9paration compl\u00e8te de votre voyage vers une destination de r\u00eave selon vos d\u00e9sirs ; prise en charge \u00e0 votre domicile, plan de vol et feuilles de route couvrant l\u2019int\u00e9gralit\u00e9 de votre s\u00e9jour\u2026 au retour, accueil et accompagnement jusqu\u2019\u00e0 votre r\u00e9sidence. Appr\u00e9ciez et savourez chaque instant en toute qui\u00e9tude, sans vous soucier des d\u00e9tails de l\u2019organisation. Au plaisir de l\u2019\u00e9vasion s\u2019ajoute ainsi le bonheur de l\u2019accueil privil\u00e9gi\u00e9.\n                    <\/div>\r\n                            <\/div>\r\n            <\/div>\r\n\t\t\t\t<\/div>\n\t\t\t\t<\/div>\n\t\t\t\t<\/div>\r\n\t\t\t\t\t<\/div>\r\n\t\t\t\t<\/div>\r\n\t\t<div class=\"elementor-element elementor-element-3494734 e-flex e-con-boxed e-con e-parent \" data-id=\"3494734\" data-element_type=\"container\" data-e-type=\"container\">\t\t\t<div class=\"e-con-inner\">\r\n\t\t<div class=\"elementor-element elementor-element-3ac1dd4 e-con-full e-flex e-con e-child \" data-id=\"3ac1dd4\" data-element_type=\"container\" data-e-type=\"container\"><div class=\"elementor-element elementor-element-5aa3452 e-con-full e-flex elementor-invisible e-con e-child \" data-id=\"5aa3452\" data-element_type=\"container\" data-e-type=\"container\" data-settings=\"{&quot;background_background&quot;:&quot;classic&quot;,&quot;animation&quot;:&quot;zoomIn&quot;}\">\t\t<div class=\"elementor-element elementor-element-0d7bf0e elementor-widget elementor-widget-pxl_heading\" data-id=\"0d7bf0e\" data-element_type=\"widget\" data-e-type=\"widget\" data-widget_type=\"pxl_heading.default\">\n\t\t\t\t<div class=\"elementor-widget-container\">\n\t\t\t\t\t\n<div id=\"pxl-pxl_heading-0d7bf0e-7828\" class=\"pxl-heading px-sub-title-default-style \">\n\t<div class=\"pxl-heading--inner\">\n\t\t\n\t\t<h3 class=\"pxl-item--title style-default  highlight-default \" data-wow-delay=\"ms\">\n\t\t\t\t\t\t\tVous avez une demande pr\u00e9cise, une envie vague ou un d\u00e9sir fou ?\n\t\n\t\t\t\t\n\t\t<\/h3>\n\t\t\n\t<\/div>\n<\/div>\t\t\t\t<\/div>\n\t\t\t\t<\/div>\n\t\t\t\t<div class=\"elementor-element elementor-element-905bf5b elementor-align-center elementor-widget elementor-widget-button\" data-id=\"905bf5b\" data-element_type=\"widget\" data-e-type=\"widget\" data-widget_type=\"button.default\">\n\t\t\t\t\t\t\t\t\t\t<a class=\"elementor-button elementor-button-link elementor-size-sm\" href=\"https:\/\/www.incrediblemauritius.com\/fr\/contact\" target=\"_blank\">\n\t\t\t\t\t\t<span class=\"elementor-button-content-wrapper\">\n\t\t\t\t\t\t<span class=\"elementor-button-icon\">\n\t\t\t\t<i aria-hidden=\"true\" class=\"bootstrap-icons bi-arrows-angle-contract\"><\/i>\t\t\t<\/span>\n\t\t\t\t\t\t\t\t\t<span class=\"elementor-button-text\">CONTACTEZ-NOUS<\/span>\n\t\t\t\t\t<\/span>\n\t\t\t\t\t<\/a>\n\t\t\t\t\t\t\t\t<\/div>\n\t\t\t\t<\/div>\r\n\t\t\t\t<\/div>\r\n\t\t\t\t\t<\/div>\r\n\t\t\t\t<\/div>\r\n\t\t\t\t<\/div>\n\t\t","protected":false},"excerpt":{"rendered":"<p>EXCLUSIF SE FAIRE PLAISIR ET TRAITEZ-LE, ELLE OU VOUS-M\u00caME Survol de l\u2019\u00eele en h\u00e9licopt\u00e8re et d\u00e9couverte de son paysage de r\u00eave, avec service de champagne servi \u00e0 bord. Repas en t\u00eate \u00e0 t\u00eate dans un mini sous-marin \u00e0 la d\u00e9couverte des tr\u00e9sors des fonds marins. Week-end hors norme en croisi\u00e8re individuelle sur un voilier de [&hellip;]<\/p>\n","protected":false},"author":1,"featured_media":0,"parent":0,"menu_order":0,"comment_status":"closed","ping_status":"closed","template":"","meta":{"footnotes":""},"class_list":["post-18547","page","type-page","status-publish","hentry"],"_links":{"self":[{"href":"https:\/\/www.incrediblemauritius.com\/fr\/wp-json\/wp\/v2\/pages\/18547","targetHints":{"allow":["GET"]}}],"collection":[{"href":"https:\/\/www.incrediblemauritius.com\/fr\/wp-json\/wp\/v2\/pages"}],"about":[{"href":"https:\/\/www.incrediblemauritius.com\/fr\/wp-json\/wp\/v2\/types\/page"}],"author":[{"embeddable":true,"href":"https:\/\/www.incrediblemauritius.com\/fr\/wp-json\/wp\/v2\/users\/1"}],"replies":[{"embeddable":true,"href":"https:\/\/www.incrediblemauritius.com\/fr\/wp-json\/wp\/v2\/comments?post=18547"}],"version-history":[{"count":0,"href":"https:\/\/www.incrediblemauritius.com\/fr\/wp-json\/wp\/v2\/pages\/18547\/revisions"}],"wp:attachment":[{"href":"https:\/\/www.incrediblemauritius.com\/fr\/wp-json\/wp\/v2\/media?parent=18547"}],"curies":[{"name":"wp","href":"https:\/\/api.w.org\/{rel}","templated":true}]}}