{"id":18508,"date":"2025-07-14T02:43:23","date_gmt":"2025-07-13T22:43:23","guid":{"rendered":"https:\/\/incredible.shark.mu\/travel\/"},"modified":"2025-07-14T03:14:32","modified_gmt":"2025-07-13T23:14:32","slug":"voyage","status":"publish","type":"page","link":"https:\/\/www.incrediblemauritius.com\/fr\/voyage\/","title":{"rendered":"Voyage"},"content":{"rendered":"\t\t<div data-elementor-type=\"wp-page\" data-elementor-id=\"18508\" class=\"elementor elementor-18508\">\n\t\t\t\t<div class=\"elementor-element elementor-element-559a29d e-flex e-con-boxed e-con e-parent \" data-id=\"559a29d\" data-element_type=\"container\" data-e-type=\"container\" data-settings=\"{&quot;background_background&quot;:&quot;classic&quot;}\">\t\t\t<div class=\"e-con-inner\">\r\n\t\t\t\t<div class=\"elementor-element elementor-element-2561a22 elementor-widget elementor-widget-spacer\" data-id=\"2561a22\" data-element_type=\"widget\" data-e-type=\"widget\" data-widget_type=\"spacer.default\">\n\t\t\t\t\t\t\t<div class=\"elementor-spacer\">\n\t\t\t<div class=\"elementor-spacer-inner\"><\/div>\n\t\t<\/div>\n\t\t\t\t\t\t<\/div>\n\t\t\t\t\t<\/div>\r\n\t\t\t\t<\/div>\r\n\t\t<div class=\"elementor-element elementor-element-af9cc65 e-flex e-con-boxed e-con e-parent \" data-id=\"af9cc65\" data-element_type=\"container\" data-e-type=\"container\">\t\t\t<div class=\"e-con-inner\">\r\n\t\t\t\t<div class=\"elementor-element elementor-element-514dc62 elementor-widget elementor-widget-pxl_heading\" data-id=\"514dc62\" data-element_type=\"widget\" data-e-type=\"widget\" data-widget_type=\"pxl_heading.default\">\n\t\t\t\t<div class=\"elementor-widget-container\">\n\t\t\t\t\t\n<div id=\"pxl-pxl_heading-514dc62-3061\" class=\"pxl-heading style-2-style \">\n\t<div class=\"pxl-heading--inner\">\n\t\t\t\t\t<div class=\"pxl-item--subtitle style-2 \" data-wow-delay=\"ms\">\n\t\t\t\t<span class=\"pxl-item--subtext\">\n\t\t\t\t\t\t\t\t\t\tQUE FOURNISSONS-NOUS?\t\t\t\t<\/span>\n\t\t\t<\/div>\n\t\t\n\t\t<h3 class=\"pxl-item--title style-default  highlight-default \" data-wow-delay=\"ms\">\n\t\t\t\t\t\t\t\t\n\t\t\t\t\n\t\t<\/h3>\n\t\t\n\t<\/div>\n<\/div>\t\t\t\t<\/div>\n\t\t\t\t<\/div>\n\t\t\t\t<div class=\"elementor-element elementor-element-27b8025 elementor-widget elementor-widget-pxl_accordion\" data-id=\"27b8025\" data-element_type=\"widget\" data-e-type=\"widget\" data-widget_type=\"pxl_accordion.default\">\n\t\t\t\t<div class=\"elementor-widget-container\">\n\t\t\t\t\t    <div class=\"pxl-accordion pxl-accordion1 style3 \" data-wow-delay=\"ms\">\r\n                    <div class=\"pxl--item  active \">\r\n                \r\n                <h5 class=\"pxl-accordion--title\" data-target=\"#pxl_accordion-27b8025-9014-c1ecc36\">\r\n                                    <span class=\"pxl-title--icon pxl-mr-10\">\r\n                        <i aria-hidden=\"true\" class=\"bootstrap-icons bi-arrow-down-right-circle-fill\"><\/i>                    <\/span>\r\n                                <span class=\"pxl-title--text pxl-pr-20\">HEBERGEMENT<\/span>\r\n\r\n                \r\n                  \r\n\r\n                 \r\n\r\n                <i class=\"pxl-icon--plus pxl-r-9\"><\/i>\r\n                <\/h5>\r\n                <div id=\"pxl_accordion-27b8025-9014-c1ecc36\" class=\"pxl-accordion--content\" style=\"display: block;\">\r\n                    Vous souhaitez s\u00e9journer \u00e0 l\u2019\u00eele Maurice pour des vacances ou \u00e0 long terme ? Vous cherchez un appartement, une villa ou une chambre chez l\u2019habitant, pieds dans l\u2019eau ou au milieu des champs de cannes \u00e0 sucre ? Ou une chambre d\u2019h\u00f4tel peut-\u00eatre? Formulez-nous vos demandes et attentes. Nous nous chargeons de rep\u00e9rer les logements qui r\u00e9pondraient au plus pr\u00e8s \u00e0 vos attentes et besoins. En fonction de vos d\u00e9sirs et des disponibilit\u00e9s du march\u00e9, nous vous soumettrons diff\u00e9rentes propositions pour guider votre choix. Nous sommes l\u00e0 pour vous accompagner dans votre choix et pour la s\u00e9lection du meilleur prestataire de service                <\/div>\r\n            <\/div>\r\n                    <div class=\"pxl--item   \">\r\n                \r\n                <h5 class=\"pxl-accordion--title\" data-target=\"#pxl_accordion-27b8025-9014-4c5bf0c\">\r\n                                    <span class=\"pxl-title--icon pxl-mr-10\">\r\n                        <i aria-hidden=\"true\" class=\"bootstrap-icons bi-arrow-down-right-circle-fill\"><\/i>                    <\/span>\r\n                                <span class=\"pxl-title--text pxl-pr-20\">LOCATION DE VOITURE<\/span>\r\n\r\n                \r\n                  \r\n\r\n                 \r\n\r\n                <i class=\"pxl-icon--plus pxl-r-9\"><\/i>\r\n                <\/h5>\r\n                <div id=\"pxl_accordion-27b8025-9014-4c5bf0c\" class=\"pxl-accordion--content\" >\r\n                    Vous cherchez un v\u00e9hicule pour un jour, une semaine ou \u00e0 long terme ? Une voiture familiale ou une d\u00e9capotable sport ? Avec ou sans chauffeur ? Indiquez-nous vos dates et vos pr\u00e9f\u00e9rences. Nous vous soumettrons diff\u00e9rentes propositions aux meilleurs tarifs en vigueur.                <\/div>\r\n            <\/div>\r\n                    <div class=\"pxl--item   \">\r\n                \r\n                <h5 class=\"pxl-accordion--title\" data-target=\"#pxl_accordion-27b8025-9014-c4d3e52\">\r\n                                    <span class=\"pxl-title--icon pxl-mr-10\">\r\n                        <i aria-hidden=\"true\" class=\"bootstrap-icons bi-arrow-down-right-circle-fill\"><\/i>                    <\/span>\r\n                                <span class=\"pxl-title--text pxl-pr-20\">TRANSFERT<\/span>\r\n\r\n                \r\n                  \r\n\r\n                 \r\n\r\n                <i class=\"pxl-icon--plus pxl-r-9\"><\/i>\r\n                <\/h5>\r\n                <div id=\"pxl_accordion-27b8025-9014-c4d3e52\" class=\"pxl-accordion--content\" >\r\n                    Un transport de\/vers l\u2019a\u00e9roport, un taxi pour vos excursions, vos courses ou un RDV en ville, un chauffeur pour une p\u00e9riode d\u00e9termin\u00e9e que vous soyez de passage ou r\u00e9sident sur l\u2019\u00eele, nous trouverons toujours pour vous une solution r\u00e9pondant \u00e0 vos besoins.                <\/div>\r\n            <\/div>\r\n                    <div class=\"pxl--item   \">\r\n                \r\n                <h5 class=\"pxl-accordion--title\" data-target=\"#pxl_accordion-27b8025-9014-126f6b9\">\r\n                                    <span class=\"pxl-title--icon pxl-mr-10\">\r\n                        <i aria-hidden=\"true\" class=\"bootstrap-icons bi-arrow-down-right-circle-fill\"><\/i>                    <\/span>\r\n                                <span class=\"pxl-title--text pxl-pr-20\">EXCURSIONS ET ACTIVIT\u00c9S<\/span>\r\n\r\n                \r\n                  \r\n\r\n                 \r\n\r\n                <i class=\"pxl-icon--plus pxl-r-9\"><\/i>\r\n                <\/h5>\r\n                <div id=\"pxl_accordion-27b8025-9014-126f6b9\" class=\"pxl-accordion--content\" >\r\n                    BALADES ET D\u00c9COUVERTES<ul><li>Le Jardin botanique de Pamplemousses avec ses palmiers (plus de 80 vari\u00e9t\u00e9s), bassin de n\u00e9nuphars, manguiers, frangipaniers\u2026<\/li><li>Le Parc national des Gorges de Rivi\u00e8re Noire, ses \u201carbres \u00e0 dodo\u201d et oiseaux end\u00e9miques<\/li><li>La r\u00e9serve naturelle et sanctuaire aux oiseaux rares de l\u2019\u00eele aux Aigrettes, ses bois d\u2019\u00e9b\u00e8ne, chandelle<\/li><li>Les parcs naturels et de loisirs de Casela, la Vanille ou Domaine de Paille ; leurs r\u00e9serves d\u2019oiseaux exotiques, la marche avec les lions, fermes de tortues g\u00e9antes et parcs aux crocodiles<\/li><li>La terre des sept couleurs de Chamarel, sa cascade et ses for\u00eats de singes<\/li><li>La route du th\u00e9 du Bois Ch\u00e9ri, ses champs de culture, son usine et son mus\u00e9e<\/li><li>Le Trou-aux-Cerfs (crat\u00e8re volcanique endormi)<\/li><li>L\u2019hippodrome et champ des courses de Mars et son Turf Club (troisi\u00e8me plus ancien turf club actif au monde)<\/li><\/ul>NAUTIQUE<ul><li>Balades en voiliers baroques, catamarans de confort ou \u00e0 la barre de bateaux motoris\u00e9s vers les \u00eeles avoisinantes<\/li><li>D\u00e9couverte des fonds marins en mini sous-marins, promenade en scaphandre ou plong\u00e9e sous-marine<\/li><li>Nage avec les dauphins<\/li><\/ul>SPORTIF<ul><li>Promenades et treks dans des for\u00eats tropicales avec guide attitr\u00e9<\/li><li>Parcours de golf avec vue sur l\u2019oc\u00e9an Indien, \u00e9quitation, kit surf, saut en parachute, p\u00eaches sportives<\/li><li>Survol de l\u2019\u00eele en ULM<\/li><\/ul>CULTURELLE<ul><li>Le Grand bassin et son lac sacr\u00e9 (lieux de p\u00e8lerinage)<\/li><li>Temples Hindous et Tamouls<\/li><li>La Maison Eureka, demeure coloniale de la fin du XIX\u00e8me si\u00e8cle<\/li><li>Les march\u00e9s cr\u00e9oles et bazars de Port-Louis, Curepipe, Quatre-Bornes, Mah\u00e9bourg<\/li><li>Exp\u00e9rience d\u00eenatoire chez une famille mauricienne<\/li><li>D\u00e9couverte des diversit\u00e9s culturelles, religieuses et sp\u00e9cialit\u00e9s culinaires : chinoise, cr\u00e9ole, indienne,franco-mauricienne, orientale<\/li><\/ul>VIE NOCTURNE<ul><li>Restaurants, bars, discoth\u00e8ques, groupes de musique live, cabaret \u00e0 Grand Baie au nord ou \u00e0 Flic en Flac \u00e0 l\u2019ouest de l\u2019\u00eele, casino \u00e0 Port Louis.<li>D\u2019autres suggestions, des choses que nous n\u2019avons pas abord\u00e9es ?<\/ul><\/li>N'h\u00e9sitez pas \u00e0 nous contacter et laissez-nous vous surprendre !                <\/div>\r\n            <\/div>\r\n                    <div class=\"pxl--item   \">\r\n                \r\n                <h5 class=\"pxl-accordion--title\" data-target=\"#pxl_accordion-27b8025-9014-4a11ef7\">\r\n                                    <span class=\"pxl-title--icon pxl-mr-10\">\r\n                        <i aria-hidden=\"true\" class=\"bootstrap-icons bi-arrow-down-right-circle-fill\"><\/i>                    <\/span>\r\n                                <span class=\"pxl-title--text pxl-pr-20\">BIEN-\u00caTRE ET PRATIQUE M\u00c9DICALE<\/span>\r\n\r\n                \r\n                  \r\n\r\n                 \r\n\r\n                <i class=\"pxl-icon--plus pxl-r-9\"><\/i>\r\n                <\/h5>\r\n                <div id=\"pxl_accordion-27b8025-9014-4a11ef7\" class=\"pxl-accordion--content\" >\r\n                    Les soins de beaut\u00e9, spas, thalassos et bien-\u00eatre sont l\u00e9gendaires \u00e0 Maurice. Souhaitez-vous, vous accorder du temps, offrir un moment de d\u00e9tente \u00e0 votre corps et \u00e0 votre esprit ? Nous vous conseillerons, vous dirigerons vers les \u00e9tablissements les plus prestigieux et vous recommanderons les meilleurs professionnels. La r\u00e9putation de l\u2019\u00eele Maurice n\u2019est plus \u00e0 faire dans le domaine des soins et du m\u00e9dical : implants et chirurgies dentaires, intervention esth\u00e9tique, micro-greffons et transplantation capillaire\u2026 Voulez-vous en apprendre davantage ou seriez-vous int\u00e9ress\u00e9 par un sujet sp\u00e9cifique ? Une combinaison \u00ab vacances et sant\u00e9 \u00bb vous int\u00e9resse ? D\u00eetes-le nous !                <\/div>\r\n            <\/div>\r\n            <\/div>\r\n    \t\t\t\t<\/div>\n\t\t\t\t<\/div>\n\t\t\t\t<div class=\"elementor-element elementor-element-a50aad3 elementor-widget elementor-widget-button\" data-id=\"a50aad3\" data-element_type=\"widget\" data-e-type=\"widget\" data-widget_type=\"button.default\">\n\t\t\t\t\t\t\t\t\t\t<a class=\"elementor-button elementor-button-link elementor-size-sm\" href=\"https:\/\/www.incrediblemauritius.com\/fr\/contact\" target=\"_blank\">\n\t\t\t\t\t\t<span class=\"elementor-button-content-wrapper\">\n\t\t\t\t\t\t<span class=\"elementor-button-icon\">\n\t\t\t\t<i aria-hidden=\"true\" class=\"bootstrap-icons bi-arrows-angle-contract\"><\/i>\t\t\t<\/span>\n\t\t\t\t\t\t\t\t\t<span class=\"elementor-button-text\">CONTACTEZ NOUS<\/span>\n\t\t\t\t\t<\/span>\n\t\t\t\t\t<\/a>\n\t\t\t\t\t\t\t\t<\/div>\n\t\t\t\t\t<\/div>\r\n\t\t\t\t<\/div>\r\n\t\t<div class=\"elementor-element elementor-element-b2c7bef e-flex e-con-boxed e-con e-parent \" data-id=\"b2c7bef\" data-element_type=\"container\" data-e-type=\"container\">\t\t\t<div class=\"e-con-inner\">\r\n\t\t\t\t\t<\/div>\r\n\t\t\t\t<\/div>\r\n\t\t\t\t<\/div>\n\t\t","protected":false},"excerpt":{"rendered":"<p>QUE FOURNISSONS-NOUS? HEBERGEMENT Vous souhaitez s\u00e9journer \u00e0 l\u2019\u00eele Maurice pour des vacances ou \u00e0 long terme ? Vous cherchez un appartement, une villa ou une chambre chez l\u2019habitant, pieds dans l\u2019eau ou au milieu des champs de cannes \u00e0 sucre ? Ou une chambre d\u2019h\u00f4tel peut-\u00eatre? Formulez-nous vos demandes et attentes. Nous nous chargeons de [&hellip;]<\/p>\n","protected":false},"author":1,"featured_media":0,"parent":0,"menu_order":0,"comment_status":"closed","ping_status":"closed","template":"","meta":{"footnotes":""},"class_list":["post-18508","page","type-page","status-publish","hentry"],"_links":{"self":[{"href":"https:\/\/www.incrediblemauritius.com\/fr\/wp-json\/wp\/v2\/pages\/18508","targetHints":{"allow":["GET"]}}],"collection":[{"href":"https:\/\/www.incrediblemauritius.com\/fr\/wp-json\/wp\/v2\/pages"}],"about":[{"href":"https:\/\/www.incrediblemauritius.com\/fr\/wp-json\/wp\/v2\/types\/page"}],"author":[{"embeddable":true,"href":"https:\/\/www.incrediblemauritius.com\/fr\/wp-json\/wp\/v2\/users\/1"}],"replies":[{"embeddable":true,"href":"https:\/\/www.incrediblemauritius.com\/fr\/wp-json\/wp\/v2\/comments?post=18508"}],"version-history":[{"count":0,"href":"https:\/\/www.incrediblemauritius.com\/fr\/wp-json\/wp\/v2\/pages\/18508\/revisions"}],"wp:attachment":[{"href":"https:\/\/www.incrediblemauritius.com\/fr\/wp-json\/wp\/v2\/media?parent=18508"}],"curies":[{"name":"wp","href":"https:\/\/api.w.org\/{rel}","templated":true}]}}