{"id":18476,"date":"2025-07-14T02:23:57","date_gmt":"2025-07-13T22:23:57","guid":{"rendered":"https:\/\/incredible.shark.mu\/resident\/"},"modified":"2025-07-14T02:40:55","modified_gmt":"2025-07-13T22:40:55","slug":"resident","status":"publish","type":"page","link":"https:\/\/www.incrediblemauritius.com\/fr\/resident\/","title":{"rendered":"Resident"},"content":{"rendered":"\t\t<div data-elementor-type=\"wp-page\" data-elementor-id=\"18476\" class=\"elementor elementor-18476\">\n\t\t\t\t<div class=\"elementor-element elementor-element-bd99e7c e-flex e-con-boxed e-con e-parent \" data-id=\"bd99e7c\" data-element_type=\"container\" data-e-type=\"container\" data-settings=\"{&quot;background_background&quot;:&quot;classic&quot;}\">\t\t\t<div class=\"e-con-inner\">\r\n\t\t\t\t<div class=\"elementor-element elementor-element-e4224c0 elementor-widget elementor-widget-spacer\" data-id=\"e4224c0\" data-element_type=\"widget\" data-e-type=\"widget\" data-widget_type=\"spacer.default\">\n\t\t\t\t\t\t\t<div class=\"elementor-spacer\">\n\t\t\t<div class=\"elementor-spacer-inner\"><\/div>\n\t\t<\/div>\n\t\t\t\t\t\t<\/div>\n\t\t\t\t<div class=\"elementor-element elementor-element-30982a7 elementor-widget elementor-widget-pxl_heading\" data-id=\"30982a7\" data-element_type=\"widget\" data-e-type=\"widget\" data-widget_type=\"pxl_heading.default\">\n\t\t\t\t<div class=\"elementor-widget-container\">\n\t\t\t\t\t\n<div id=\"pxl-pxl_heading-30982a7-8594\" class=\"pxl-heading px-sub-title-default-style \">\n\t<div class=\"pxl-heading--inner\">\n\t\t\t\t\t<div class=\"pxl-item--subtitle px-sub-title-default \" data-wow-delay=\"ms\">\n\t\t\t\t<span class=\"pxl-item--subtext\">\n\t\t\t\t\t\t\t\t\t\tSERVICES PERSONNALIS\u00c9S\t\t\t\t<\/span>\n\t\t\t<\/div>\n\t\t\n\t\t<h3 class=\"pxl-item--title style-default  highlight-default \" data-wow-delay=\"ms\">\n\t\t\t\t\t\t\t\t\n\t\t\t\t\n\t\t<\/h3>\n\t\t\n\t<\/div>\n<\/div>\t\t\t\t<\/div>\n\t\t\t\t<\/div>\n\t\t\t\t<div class=\"elementor-element elementor-element-91a50c1 elementor-widget elementor-widget-pxl_list\" data-id=\"91a50c1\" data-element_type=\"widget\" data-e-type=\"widget\" data-widget_type=\"pxl_list.default\">\n\t\t\t\t<div class=\"elementor-widget-container\">\n\t\t\t\t\t    <div class=\"pxl-list pxl-list1  default\" data-wow-delay=\"ms\">\r\n                    <div class=\"pxl--item\">\r\n                                    <div class=\"pxl-item--icon\">\r\n                        <i aria-hidden=\"true\" class=\"flaticon flaticon-right-arrow\"><\/i>                    <\/div>\r\n                                                    <div class=\"pxl-item-content\">\r\n                        <label class=\"pxl-empty\"><\/label>\r\n                        Garde d\u2019enfants (baby-sitting), soutien scolaire et tutorat.\n                    <\/div>\r\n                            <\/div>\r\n                    <div class=\"pxl--item\">\r\n                                    <div class=\"pxl-item--icon\">\r\n                        <i aria-hidden=\"true\" class=\"flaticon flaticon-right-arrow\"><\/i>                    <\/div>\r\n                                                    <div class=\"pxl-item-content\">\r\n                        <label class=\"pxl-empty\"><\/label>\r\n                        Service de nettoyage \u00e0 domicile.\n                    <\/div>\r\n                            <\/div>\r\n                    <div class=\"pxl--item\">\r\n                                    <div class=\"pxl-item--icon\">\r\n                        <i aria-hidden=\"true\" class=\"flaticon flaticon-right-arrow\"><\/i>                    <\/div>\r\n                                                    <div class=\"pxl-item-content\">\r\n                        <label class=\"pxl-empty\"><\/label>\r\n                        Massage, coiffeur, manucure, p\u00e9dicure, entra\u00eeneur personnel, yoga ou coach \u00e0 domicile.\n                    <\/div>\r\n                            <\/div>\r\n                    <div class=\"pxl--item\">\r\n                                    <div class=\"pxl-item--icon\">\r\n                        <i aria-hidden=\"true\" class=\"flaticon flaticon-right-arrow\"><\/i>                    <\/div>\r\n                                                    <div class=\"pxl-item-content\">\r\n                        <label class=\"pxl-empty\"><\/label>\r\n                        Chef \u00e0 domicile (avec ou sans personnel de service).\n                    <\/div>\r\n                            <\/div>\r\n                    <div class=\"pxl--item\">\r\n                                    <div class=\"pxl-item--icon\">\r\n                        <i aria-hidden=\"true\" class=\"flaticon flaticon-right-arrow\"><\/i>                    <\/div>\r\n                                                    <div class=\"pxl-item-content\">\r\n                        <label class=\"pxl-empty\"><\/label>\r\n                        Introduction et gestion de votre agenda aupr\u00e8s des meilleurs praticiens et cliniques priv\u00e9es de l\u2019\u00eele (dentiste, p\u00e9diatre, physioth\u00e9rapeute, chirurgien).\n                    <\/div>\r\n                            <\/div>\r\n                    <div class=\"pxl--item\">\r\n                                    <div class=\"pxl-item--icon\">\r\n                        <i aria-hidden=\"true\" class=\"flaticon flaticon-right-arrow\"><\/i>                    <\/div>\r\n                                                    <div class=\"pxl-item-content\">\r\n                        <label class=\"pxl-empty\"><\/label>\r\n                        Promenades et compagnie de vos animaux, alimentation pendant votre absence, prise de RDV et d\u00e9placement chez le v\u00e9t\u00e9rinaire.\n                    <\/div>\r\n                            <\/div>\r\n                    <div class=\"pxl--item\">\r\n                                    <div class=\"pxl-item--icon\">\r\n                        <i aria-hidden=\"true\" class=\"flaticon flaticon-right-arrow\"><\/i>                    <\/div>\r\n                                                    <div class=\"pxl-item-content\">\r\n                        <label class=\"pxl-empty\"><\/label>\r\n                        Livraison et r\u00e9ception de documents et marchandises.\n                    <\/div>\r\n                            <\/div>\r\n                    <div class=\"pxl--item\">\r\n                                    <div class=\"pxl-item--icon\">\r\n                        <i aria-hidden=\"true\" class=\"flaticon flaticon-right-arrow\"><\/i>                    <\/div>\r\n                                                    <div class=\"pxl-item-content\">\r\n                        <label class=\"pxl-empty\"><\/label>\r\n                        Introduction aupr\u00e8s des compagnies d\u2019assurance sant\u00e9, automobile, habitation, banques locales et institutions financi\u00e8res.\n                    <\/div>\r\n                            <\/div>\r\n            <\/div>\r\n\t\t\t\t<\/div>\n\t\t\t\t<\/div>\n\t\t\t\t\t<\/div>\r\n\t\t\t\t<\/div>\r\n\t\t<div class=\"elementor-element elementor-element-db07980 e-flex e-con-boxed e-con e-parent \" data-id=\"db07980\" data-element_type=\"container\" data-e-type=\"container\">\t\t\t<div class=\"e-con-inner\">\r\n\t\t<div class=\"elementor-element elementor-element-28fd4c1 e-con-full e-flex e-con e-child \" data-id=\"28fd4c1\" data-element_type=\"container\" data-e-type=\"container\">\t\t<div class=\"elementor-element elementor-element-770ed73 elementor-widget elementor-widget-image\" data-id=\"770ed73\" data-element_type=\"widget\" data-e-type=\"widget\" data-widget_type=\"image.default\">\n\t\t\t\t\t\t\t\t\t\t\t\t\t\t\t<img fetchpriority=\"high\" decoding=\"async\" width=\"1012\" height=\"1280\" src=\"https:\/\/www.incrediblemauritius.com\/wp-content\/uploads\/2025\/07\/butler.png\" class=\"attachment-full size-full wp-image-18465\" alt=\"\" srcset=\"https:\/\/www.incrediblemauritius.com\/wp-content\/uploads\/2025\/07\/butler.png 1012w, https:\/\/www.incrediblemauritius.com\/wp-content\/uploads\/2025\/07\/butler-237x300.png 237w, https:\/\/www.incrediblemauritius.com\/wp-content\/uploads\/2025\/07\/butler-810x1024.png 810w, https:\/\/www.incrediblemauritius.com\/wp-content\/uploads\/2025\/07\/butler-768x971.png 768w, https:\/\/www.incrediblemauritius.com\/wp-content\/uploads\/2025\/07\/butler-561x710.png 561w\" sizes=\"(max-width: 1012px) 100vw, 1012px\" \/>\t\t\t\t\t\t\t\t\t\t\t\t\t\t\t<\/div>\n\t\t\t\t<\/div>\r\n\t\t<div class=\"elementor-element elementor-element-4afdf92 e-con-full e-flex e-con e-child \" data-id=\"4afdf92\" data-element_type=\"container\" data-e-type=\"container\">\t\t<div class=\"elementor-element elementor-element-0832b7c elementor-widget elementor-widget-pxl_accordion\" data-id=\"0832b7c\" data-element_type=\"widget\" data-e-type=\"widget\" data-widget_type=\"pxl_accordion.default\">\n\t\t\t\t<div class=\"elementor-widget-container\">\n\t\t\t\t\t    <div class=\"pxl-accordion pxl-accordion1 style2 \" data-wow-delay=\"ms\">\r\n                    <div class=\"pxl--item   \">\r\n                \r\n                <h5 class=\"pxl-accordion--title\" data-target=\"#pxl_accordion-0832b7c-4565-dff3d8a\">\r\n                                    <span class=\"pxl-title--icon pxl-mr-10\">\r\n                        <i aria-hidden=\"true\" class=\"bootstrap-icons bi-app\"><\/i>                    <\/span>\r\n                                <span class=\"pxl-title--text pxl-pr-20\">AU QUOTIDIEN<\/span>\r\n\r\n                <i class=\"caseicon-angle-arrow-down \"><\/i>\r\n                  \r\n\r\n                 \r\n\r\n                \r\n                <\/h5>\r\n                <div id=\"pxl_accordion-0832b7c-4565-dff3d8a\" class=\"pxl-accordion--content\" >\r\n                    Courses, blanchisserie et nettoyage \u00e0 sec, lavage et service de v\u00e9hicule, courrier et administration (banque, paiement de petits montants en esp\u00e8ce ou par procuration).<br \/>\n<br \/>\n                <\/div>\r\n            <\/div>\r\n                    <div class=\"pxl--item   \">\r\n                \r\n                <h5 class=\"pxl-accordion--title\" data-target=\"#pxl_accordion-0832b7c-4565-d351749\">\r\n                                    <span class=\"pxl-title--icon pxl-mr-10\">\r\n                        <i aria-hidden=\"true\" class=\"bootstrap-icons bi-app\"><\/i>                    <\/span>\r\n                                <span class=\"pxl-title--text pxl-pr-20\">LOISIRS ET VOYAGE<\/span>\r\n\r\n                <i class=\"caseicon-angle-arrow-down \"><\/i>\r\n                  \r\n\r\n                 \r\n\r\n                \r\n                <\/h5>\r\n                <div id=\"pxl_accordion-0832b7c-4565-d351749\" class=\"pxl-accordion--content\" >\r\n                    R\u00e9servation de places de spectacles, acc\u00e8s aux \u00e9tablissements exclusifs et utilisation de leurs infrastructures h\u00f4teli\u00e8res et sportives, organisation d\u2019\u00e9v\u00e8nements professionnels ou priv\u00e9s, f\u00eates \u00e0 domicile ou \u00e0 l\u2019ext\u00e9rieur (anniversaire, mariage, d\u00eener aux chandelles sur une plage de sable), billets d\u2019avions et organisation des voyages.<br \/>\n<br \/>\n                <\/div>\r\n            <\/div>\r\n                    <div class=\"pxl--item   \">\r\n                \r\n                <h5 class=\"pxl-accordion--title\" data-target=\"#pxl_accordion-0832b7c-4565-2b89a85\">\r\n                                    <span class=\"pxl-title--icon pxl-mr-10\">\r\n                        <i aria-hidden=\"true\" class=\"bootstrap-icons bi-app\"><\/i>                    <\/span>\r\n                                <span class=\"pxl-title--text pxl-pr-20\">LOCATION DE VOITURE<\/span>\r\n\r\n                <i class=\"caseicon-angle-arrow-down \"><\/i>\r\n                  \r\n\r\n                 \r\n\r\n                \r\n                <\/h5>\r\n                <div id=\"pxl_accordion-0832b7c-4565-2b89a85\" class=\"pxl-accordion--content\" >\r\n                    Vous cherchez un v\u00e9hicule pour un jour, une semaine ou \u00e0 long terme ? Une voiture familiale ou une d\u00e9capotable sport ? Avec ou sans chauffeur ? Indiquez-nous vos dates et vos pr\u00e9f\u00e9rences. Nous vous soumettrons diff\u00e9rentes propositions aux meilleurs tarifs en vigueur.<br \/>\n<br \/>\n<br \/>\n                <\/div>\r\n            <\/div>\r\n                    <div class=\"pxl--item   \">\r\n                \r\n                <h5 class=\"pxl-accordion--title\" data-target=\"#pxl_accordion-0832b7c-4565-e88f861\">\r\n                                    <span class=\"pxl-title--icon pxl-mr-10\">\r\n                        <i aria-hidden=\"true\" class=\"bootstrap-icons bi-app\"><\/i>                    <\/span>\r\n                                <span class=\"pxl-title--text pxl-pr-20\">ACCEUIL (CLIENTS ET VISITEURS), INTENDANCE<\/span>\r\n\r\n                <i class=\"caseicon-angle-arrow-down \"><\/i>\r\n                  \r\n\r\n                 \r\n\r\n                \r\n                <\/h5>\r\n                <div id=\"pxl_accordion-0832b7c-4565-e88f861\" class=\"pxl-accordion--content\" >\r\n                    Management de votre r\u00e9sidence lors de votre absence ou de mise en location saisonni\u00e8re ou longue dur\u00e9e.<br \/>\nIntendance g\u00e9n\u00e9rale : arrosage des plantes et entretien du jardin, rafra\u00eechissement des lieux, mise en place de linges et draps frais, contr\u00f4le et mise en service des \u00e9quipements, gestion des courses, avant votre retour ou occupation par des visiteurs, clients.<br \/>\nAccueil et prise en charge personnalis\u00e9s de vos invit\u00e9s logeant chez vous, une r\u00e9sidence secondaire ou \u00e0 l\u2019h\u00f4tel, transmission de messages ou cadeaux de bienvenue<br \/>\n                <\/div>\r\n            <\/div>\r\n                    <div class=\"pxl--item   \">\r\n                \r\n                <h5 class=\"pxl-accordion--title\" data-target=\"#pxl_accordion-0832b7c-4565-23cb765\">\r\n                                    <span class=\"pxl-title--icon pxl-mr-10\">\r\n                        <i aria-hidden=\"true\" class=\"bootstrap-icons bi-app\"><\/i>                    <\/span>\r\n                                <span class=\"pxl-title--text pxl-pr-20\">S\u00c9CURIT\u00c9<\/span>\r\n\r\n                <i class=\"caseicon-angle-arrow-down \"><\/i>\r\n                  \r\n\r\n                 \r\n\r\n                \r\n                <\/h5>\r\n                <div id=\"pxl_accordion-0832b7c-4565-23cb765\" class=\"pxl-accordion--content\" >\r\n                    Lors d\u2019absences courtes ou prolong\u00e9es:<br \/>\n<br \/>\n<ul><br \/>\n<li>Mise en place d\u2019une veille de votre propri\u00e9t\u00e9<br \/>\n<\/li><br \/>\n<li>Relev\u00e9 de votre boite aux lettres<br \/>\n<\/li><br \/>\n<li>Ouverture et fermeture des volets et des fen\u00eatres durant la journ\u00e9e.<\/li><br \/>\n<li>Rapport de d\u00e9rangement et pr\u00e9vention des d\u00e9g\u00e2ts (eau, intemp\u00e9ries\u2026)<\/li><br \/>\n<li>Simulation de pr\u00e9sence par impl\u00e9mentation d\u2019\u00e9clairages nocturnes<br \/>\n<\/li><br \/>\n<li>Rapport de tentative ou d\u2019acte de malveillance aux autorit\u00e9s ou personnes de confiance.<\/li><br \/>\n<\/ul><br \/>\n                <\/div>\r\n            <\/div>\r\n                    <div class=\"pxl--item   \">\r\n                \r\n                <h5 class=\"pxl-accordion--title\" data-target=\"#pxl_accordion-0832b7c-4565-bf1d493\">\r\n                                    <span class=\"pxl-title--icon pxl-mr-10\">\r\n                        <i aria-hidden=\"true\" class=\"bootstrap-icons bi-app\"><\/i>                    <\/span>\r\n                                <span class=\"pxl-title--text pxl-pr-20\">FINANCE<\/span>\r\n\r\n                <i class=\"caseicon-angle-arrow-down \"><\/i>\r\n                  \r\n\r\n                 \r\n\r\n                \r\n                <\/h5>\r\n                <div id=\"pxl_accordion-0832b7c-4565-bf1d493\" class=\"pxl-accordion--content\" >\r\n                    Seriez-vous int\u00e9ress\u00e9 par les dispositifs financiers et les avantages fiscaux offerts par le gouvernement mauricien? Vous recherchez des demandes? Besoin d'\u00eatre pr\u00e9sent\u00e9 aux banques, aux fiduciaires ou aux cabinets de conseil? Nous vous pr\u00e9senterons les meilleurs professionnels sur place.                <\/div>\r\n            <\/div>\r\n                    <div class=\"pxl--item   \">\r\n                \r\n                <h5 class=\"pxl-accordion--title\" data-target=\"#pxl_accordion-0832b7c-4565-9677b7c\">\r\n                                    <span class=\"pxl-title--icon pxl-mr-10\">\r\n                        <i aria-hidden=\"true\" class=\"bootstrap-icons bi-app\"><\/i>                    <\/span>\r\n                                <span class=\"pxl-title--text pxl-pr-20\">DE PLUS<\/span>\r\n\r\n                <i class=\"caseicon-angle-arrow-down \"><\/i>\r\n                  \r\n\r\n                 \r\n\r\n                \r\n                <\/h5>\r\n                <div id=\"pxl_accordion-0832b7c-4565-9677b7c\" class=\"pxl-accordion--content\" >\r\n                    <ul><br \/>\n<li>Arrosage des plantes d\u2019int\u00e9rieur et d\u2019ext\u00e9rieur<\/li><br \/>\n<li>Contr\u00f4le des activit\u00e9s de votre personnel (femme de m\u00e9nage, jardinier, pisciniste)<\/li><br \/>\n<li>Soins aux animaux<\/li><br \/>\n<li>Repr\u00e9sentation aux assembl\u00e9es <\/li>g\u00e9n\u00e9rales de syndic et de copropri\u00e9taires<\/li><br \/>\n<li>Supervision des travaux en cours<\/li><\/ul><br \/>\n                <\/div>\r\n            <\/div>\r\n            <\/div>\r\n    \t\t\t\t<\/div>\n\t\t\t\t<\/div>\n\t\t\t\t<\/div>\r\n\t\t\t\t\t<\/div>\r\n\t\t\t\t<\/div>\r\n\t\t\t\t<\/div>\n\t\t","protected":false},"excerpt":{"rendered":"<p>SERVICES PERSONNALIS\u00c9S Garde d\u2019enfants (baby-sitting), soutien scolaire et tutorat. Service de nettoyage \u00e0 domicile. Massage, coiffeur, manucure, p\u00e9dicure, entra\u00eeneur personnel, yoga ou coach \u00e0 domicile. Chef \u00e0 domicile (avec ou sans personnel de service). Introduction et gestion de votre agenda aupr\u00e8s des meilleurs praticiens et cliniques priv\u00e9es de l\u2019\u00eele (dentiste, p\u00e9diatre, physioth\u00e9rapeute, chirurgien). Promenades et [&hellip;]<\/p>\n","protected":false},"author":1,"featured_media":0,"parent":0,"menu_order":0,"comment_status":"closed","ping_status":"closed","template":"","meta":{"footnotes":""},"class_list":["post-18476","page","type-page","status-publish","hentry"],"_links":{"self":[{"href":"https:\/\/www.incrediblemauritius.com\/fr\/wp-json\/wp\/v2\/pages\/18476","targetHints":{"allow":["GET"]}}],"collection":[{"href":"https:\/\/www.incrediblemauritius.com\/fr\/wp-json\/wp\/v2\/pages"}],"about":[{"href":"https:\/\/www.incrediblemauritius.com\/fr\/wp-json\/wp\/v2\/types\/page"}],"author":[{"embeddable":true,"href":"https:\/\/www.incrediblemauritius.com\/fr\/wp-json\/wp\/v2\/users\/1"}],"replies":[{"embeddable":true,"href":"https:\/\/www.incrediblemauritius.com\/fr\/wp-json\/wp\/v2\/comments?post=18476"}],"version-history":[{"count":0,"href":"https:\/\/www.incrediblemauritius.com\/fr\/wp-json\/wp\/v2\/pages\/18476\/revisions"}],"wp:attachment":[{"href":"https:\/\/www.incrediblemauritius.com\/fr\/wp-json\/wp\/v2\/media?parent=18476"}],"curies":[{"name":"wp","href":"https:\/\/api.w.org\/{rel}","templated":true}]}}